{"id":1044,"date":"2025-05-23T16:07:26","date_gmt":"2025-05-23T19:07:26","guid":{"rendered":"https:\/\/malungolab.com\/?page_id=1044"},"modified":"2026-01-26T11:16:16","modified_gmt":"2026-01-26T14:16:16","slug":"nicolau-de-souza-artigo","status":"publish","type":"page","link":"https:\/\/malungolab.com\/?page_id=1044","title":{"rendered":"Nicolau de Souza &#8211; Artigo"},"content":{"rendered":"\t\t<div data-elementor-type=\"wp-page\" data-elementor-id=\"1044\" class=\"elementor elementor-1044\" data-elementor-post-type=\"page\">\n\t\t\t\t<div class=\"elementor-element elementor-element-6e6d63a3 e-con-full e-flex e-con e-parent\" data-id=\"6e6d63a3\" data-element_type=\"container\">\n\t\t<div class=\"elementor-element elementor-element-4c6c891f e-con-full e-flex e-con e-child\" data-id=\"4c6c891f\" data-element_type=\"container\">\n\t\t\t\t<div class=\"elementor-element elementor-element-87d0699 elementor-icon-list--layout-inline elementor-mobile-align-left elementor-align-left elementor-widget__width-initial elementor-list-item-link-full_width elementor-widget elementor-widget-icon-list\" data-id=\"87d0699\" data-element_type=\"widget\" data-widget_type=\"icon-list.default\">\n\t\t\t\t<div class=\"elementor-widget-container\">\n\t\t\t\t\t\t\t<ul class=\"elementor-icon-list-items elementor-inline-items\">\n\t\t\t\t\t\t\t<li class=\"elementor-icon-list-item elementor-inline-item\">\n\t\t\t\t\t\t\t\t\t\t\t<a href=\"https:\/\/malungolab.com\/\">\n\n\t\t\t\t\t\t\t\t\t\t\t\t<span class=\"elementor-icon-list-icon\">\n\t\t\t\t\t\t\t<svg aria-hidden=\"true\" class=\"e-font-icon-svg e-fas-home\" viewBox=\"0 0 576 512\" xmlns=\"http:\/\/www.w3.org\/2000\/svg\"><path d=\"M280.37 148.26L96 300.11V464a16 16 0 0 0 16 16l112.06-.29a16 16 0 0 0 15.92-16V368a16 16 0 0 1 16-16h64a16 16 0 0 1 16 16v95.64a16 16 0 0 0 16 16.05L464 480a16 16 0 0 0 16-16V300L295.67 148.26a12.19 12.19 0 0 0-15.3 0zM571.6 251.47L488 182.56V44.05a12 12 0 0 0-12-12h-56a12 12 0 0 0-12 12v72.61L318.47 43a48 48 0 0 0-61 0L4.34 251.47a12 12 0 0 0-1.6 16.9l25.5 31A12 12 0 0 0 45.15 301l235.22-193.74a12.19 12.19 0 0 1 15.3 0L530.9 301a12 12 0 0 0 16.9-1.6l25.5-31a12 12 0 0 0-1.7-16.93z\"><\/path><\/svg>\t\t\t\t\t\t<\/span>\n\t\t\t\t\t\t\t\t\t\t<span class=\"elementor-icon-list-text\">\u00cdnicio<\/span>\n\t\t\t\t\t\t\t\t\t\t\t<\/a>\n\t\t\t\t\t\t\t\t\t<\/li>\n\t\t\t\t\t\t\t\t<li class=\"elementor-icon-list-item elementor-inline-item\">\n\t\t\t\t\t\t\t\t\t\t\t<a href=\"https:\/\/malungolab.com\/?page_id=13\">\n\n\t\t\t\t\t\t\t\t\t\t\t\t<span class=\"elementor-icon-list-icon\">\n\t\t\t\t\t\t\t<svg aria-hidden=\"true\" class=\"e-font-icon-svg e-fas-align-justify\" viewBox=\"0 0 448 512\" xmlns=\"http:\/\/www.w3.org\/2000\/svg\"><path d=\"M432 416H16a16 16 0 0 0-16 16v32a16 16 0 0 0 16 16h416a16 16 0 0 0 16-16v-32a16 16 0 0 0-16-16zm0-128H16a16 16 0 0 0-16 16v32a16 16 0 0 0 16 16h416a16 16 0 0 0 16-16v-32a16 16 0 0 0-16-16zm0-128H16a16 16 0 0 0-16 16v32a16 16 0 0 0 16 16h416a16 16 0 0 0 16-16v-32a16 16 0 0 0-16-16zm0-128H16A16 16 0 0 0 0 48v32a16 16 0 0 0 16 16h416a16 16 0 0 0 16-16V48a16 16 0 0 0-16-16z\"><\/path><\/svg>\t\t\t\t\t\t<\/span>\n\t\t\t\t\t\t\t\t\t\t<span class=\"elementor-icon-list-text\">Sobre<\/span>\n\t\t\t\t\t\t\t\t\t\t\t<\/a>\n\t\t\t\t\t\t\t\t\t<\/li>\n\t\t\t\t\t\t\t\t<li class=\"elementor-icon-list-item elementor-inline-item\">\n\t\t\t\t\t\t\t\t\t\t\t<a href=\"https:\/\/malungolab.com\/?page_id=713\">\n\n\t\t\t\t\t\t\t\t\t\t\t\t<span class=\"elementor-icon-list-icon\">\n\t\t\t\t\t\t\t<svg aria-hidden=\"true\" class=\"e-font-icon-svg e-fas-gamepad\" viewBox=\"0 0 640 512\" xmlns=\"http:\/\/www.w3.org\/2000\/svg\"><path d=\"M480.07 96H160a160 160 0 1 0 114.24 272h91.52A160 160 0 1 0 480.07 96zM248 268a12 12 0 0 1-12 12h-52v52a12 12 0 0 1-12 12h-24a12 12 0 0 1-12-12v-52H84a12 12 0 0 1-12-12v-24a12 12 0 0 1 12-12h52v-52a12 12 0 0 1 12-12h24a12 12 0 0 1 12 12v52h52a12 12 0 0 1 12 12zm216 76a40 40 0 1 1 40-40 40 40 0 0 1-40 40zm64-96a40 40 0 1 1 40-40 40 40 0 0 1-40 40z\"><\/path><\/svg>\t\t\t\t\t\t<\/span>\n\t\t\t\t\t\t\t\t\t\t<span class=\"elementor-icon-list-text\">Jogos<\/span>\n\t\t\t\t\t\t\t\t\t\t\t<\/a>\n\t\t\t\t\t\t\t\t\t<\/li>\n\t\t\t\t\t\t\t\t<li class=\"elementor-icon-list-item elementor-inline-item\">\n\t\t\t\t\t\t\t\t\t\t\t<a href=\"https:\/\/malungolab.com\/?page_id=1323\">\n\n\t\t\t\t\t\t\t\t\t\t\t\t<span class=\"elementor-icon-list-icon\">\n\t\t\t\t\t\t\t<svg aria-hidden=\"true\" class=\"e-font-icon-svg e-fas-podcast\" viewBox=\"0 0 448 512\" xmlns=\"http:\/\/www.w3.org\/2000\/svg\"><path d=\"M267.429 488.563C262.286 507.573 242.858 512 224 512c-18.857 0-38.286-4.427-43.428-23.437C172.927 460.134 160 388.898 160 355.75c0-35.156 31.142-43.75 64-43.75s64 8.594 64 43.75c0 32.949-12.871 104.179-20.571 132.813zM156.867 288.554c-18.693-18.308-29.958-44.173-28.784-72.599 2.054-49.724 42.395-89.956 92.124-91.881C274.862 121.958 320 165.807 320 220c0 26.827-11.064 51.116-28.866 68.552-2.675 2.62-2.401 6.986.628 9.187 9.312 6.765 16.46 15.343 21.234 25.363 1.741 3.654 6.497 4.66 9.449 1.891 28.826-27.043 46.553-65.783 45.511-108.565-1.855-76.206-63.595-138.208-139.793-140.369C146.869 73.753 80 139.215 80 220c0 41.361 17.532 78.7 45.55 104.989 2.953 2.771 7.711 1.77 9.453-1.887 4.774-10.021 11.923-18.598 21.235-25.363 3.029-2.2 3.304-6.566.629-9.185zM224 0C100.204 0 0 100.185 0 224c0 89.992 52.602 165.647 125.739 201.408 4.333 2.118 9.267-1.544 8.535-6.31-2.382-15.512-4.342-30.946-5.406-44.339-.146-1.836-1.149-3.486-2.678-4.512-47.4-31.806-78.564-86.016-78.187-147.347.592-96.237 79.29-174.648 175.529-174.899C320.793 47.747 400 126.797 400 224c0 61.932-32.158 116.49-80.65 147.867-.999 14.037-3.069 30.588-5.624 47.23-.732 4.767 4.203 8.429 8.535 6.31C395.227 389.727 448 314.187 448 224 448 100.205 347.815 0 224 0zm0 160c-35.346 0-64 28.654-64 64s28.654 64 64 64 64-28.654 64-64-28.654-64-64-64z\"><\/path><\/svg>\t\t\t\t\t\t<\/span>\n\t\t\t\t\t\t\t\t\t\t<span class=\"elementor-icon-list-text\">Podcasts<\/span>\n\t\t\t\t\t\t\t\t\t\t\t<\/a>\n\t\t\t\t\t\t\t\t\t<\/li>\n\t\t\t\t\t\t\t\t<li class=\"elementor-icon-list-item elementor-inline-item\">\n\t\t\t\t\t\t\t\t\t\t\t<a href=\"https:\/\/malungolab.com\/?page_id=860\">\n\n\t\t\t\t\t\t\t\t\t\t\t\t<span class=\"elementor-icon-list-icon\">\n\t\t\t\t\t\t\t<svg aria-hidden=\"true\" class=\"e-font-icon-svg e-fas-book-open\" viewBox=\"0 0 576 512\" xmlns=\"http:\/\/www.w3.org\/2000\/svg\"><path d=\"M542.22 32.05c-54.8 3.11-163.72 14.43-230.96 55.59-4.64 2.84-7.27 7.89-7.27 13.17v363.87c0 11.55 12.63 18.85 23.28 13.49 69.18-34.82 169.23-44.32 218.7-46.92 16.89-.89 30.02-14.43 30.02-30.66V62.75c.01-17.71-15.35-31.74-33.77-30.7zM264.73 87.64C197.5 46.48 88.58 35.17 33.78 32.05 15.36 31.01 0 45.04 0 62.75V400.6c0 16.24 13.13 29.78 30.02 30.66 49.49 2.6 149.59 12.11 218.77 46.95 10.62 5.35 23.21-1.94 23.21-13.46V100.63c0-5.29-2.62-10.14-7.27-12.99z\"><\/path><\/svg>\t\t\t\t\t\t<\/span>\n\t\t\t\t\t\t\t\t\t\t<span class=\"elementor-icon-list-text\">Artigos<\/span>\n\t\t\t\t\t\t\t\t\t\t\t<\/a>\n\t\t\t\t\t\t\t\t\t<\/li>\n\t\t\t\t\t\t\t\t<li class=\"elementor-icon-list-item elementor-inline-item\">\n\t\t\t\t\t\t\t\t\t\t\t<a href=\"https:\/\/malungolab.com\/?page_id=1732&#038;preview=true\">\n\n\t\t\t\t\t\t\t\t\t\t\t\t<span class=\"elementor-icon-list-icon\">\n\t\t\t\t\t\t\t<svg aria-hidden=\"true\" class=\"e-font-icon-svg e-fas-project-diagram\" viewBox=\"0 0 640 512\" xmlns=\"http:\/\/www.w3.org\/2000\/svg\"><path d=\"M384 320H256c-17.67 0-32 14.33-32 32v128c0 17.67 14.33 32 32 32h128c17.67 0 32-14.33 32-32V352c0-17.67-14.33-32-32-32zM192 32c0-17.67-14.33-32-32-32H32C14.33 0 0 14.33 0 32v128c0 17.67 14.33 32 32 32h95.72l73.16 128.04C211.98 300.98 232.4 288 256 288h.28L192 175.51V128h224V64H192V32zM608 0H480c-17.67 0-32 14.33-32 32v128c0 17.67 14.33 32 32 32h128c17.67 0 32-14.33 32-32V32c0-17.67-14.33-32-32-32z\"><\/path><\/svg>\t\t\t\t\t\t<\/span>\n\t\t\t\t\t\t\t\t\t\t<span class=\"elementor-icon-list-text\">Projetos<\/span>\n\t\t\t\t\t\t\t\t\t\t\t<\/a>\n\t\t\t\t\t\t\t\t\t<\/li>\n\t\t\t\t\t\t\t\t<li class=\"elementor-icon-list-item elementor-inline-item\">\n\t\t\t\t\t\t\t\t\t\t\t<a href=\"https:\/\/malungolab.com\/?page_id=1174\">\n\n\t\t\t\t\t\t\t\t\t\t\t\t<span class=\"elementor-icon-list-icon\">\n\t\t\t\t\t\t\t<svg aria-hidden=\"true\" class=\"e-font-icon-svg e-fas-file-contract\" viewBox=\"0 0 384 512\" xmlns=\"http:\/\/www.w3.org\/2000\/svg\"><path d=\"M224 136V0H24C10.7 0 0 10.7 0 24v464c0 13.3 10.7 24 24 24h336c13.3 0 24-10.7 24-24V160H248c-13.2 0-24-10.8-24-24zM64 72c0-4.42 3.58-8 8-8h80c4.42 0 8 3.58 8 8v16c0 4.42-3.58 8-8 8H72c-4.42 0-8-3.58-8-8V72zm0 64c0-4.42 3.58-8 8-8h80c4.42 0 8 3.58 8 8v16c0 4.42-3.58 8-8 8H72c-4.42 0-8-3.58-8-8v-16zm192.81 248H304c8.84 0 16 7.16 16 16s-7.16 16-16 16h-47.19c-16.45 0-31.27-9.14-38.64-23.86-2.95-5.92-8.09-6.52-10.17-6.52s-7.22.59-10.02 6.19l-7.67 15.34a15.986 15.986 0 0 1-14.31 8.84c-.38 0-.75-.02-1.14-.05-6.45-.45-12-4.75-14.03-10.89L144 354.59l-10.61 31.88c-5.89 17.66-22.38 29.53-41 29.53H80c-8.84 0-16-7.16-16-16s7.16-16 16-16h12.39c4.83 0 9.11-3.08 10.64-7.66l18.19-54.64c3.3-9.81 12.44-16.41 22.78-16.41s19.48 6.59 22.77 16.41l13.88 41.64c19.77-16.19 54.05-9.7 66 14.16 2.02 4.06 5.96 6.5 10.16 6.5zM377 105L279.1 7c-4.5-4.5-10.6-7-17-7H256v128h128v-6.1c0-6.3-2.5-12.4-7-16.9z\"><\/path><\/svg>\t\t\t\t\t\t<\/span>\n\t\t\t\t\t\t\t\t\t\t<span class=\"elementor-icon-list-text\">Contato<\/span>\n\t\t\t\t\t\t\t\t\t\t\t<\/a>\n\t\t\t\t\t\t\t\t\t<\/li>\n\t\t\t\t\t\t<\/ul>\n\t\t\t\t\t\t<\/div>\n\t\t\t\t<\/div>\n\t\t\t\t<\/div>\n\t\t\t\t<div class=\"elementor-element elementor-element-a69edff elementor-widget-mobile__width-initial elementor-absolute elementor-widget elementor-widget-image\" data-id=\"a69edff\" data-element_type=\"widget\" data-settings=\"{&quot;_position&quot;:&quot;absolute&quot;}\" data-widget_type=\"image.default\">\n\t\t\t\t<div class=\"elementor-widget-container\">\n\t\t\t\t\t\t\t\t\t\t\t\t\t\t\t\t<a href=\"https:\/\/www.instagram.com\/malungolab\/\" target=\"_blank\">\n\t\t\t\t\t\t\t<img decoding=\"async\" src=\"https:\/\/malungolab.com\/wp-content\/uploads\/elementor\/thumbs\/PNGpretoVertical_Marca2-scaled-rg7a51r7fouilozkxwqs5pxmyac9zk2va93rlsz06m.png\" title=\"PNGpretoVertical_Marca2\" alt=\"PNGpretoVertical_Marca2\" loading=\"lazy\" \/>\t\t\t\t\t\t\t\t<\/a>\n\t\t\t\t\t\t\t\t\t\t\t\t\t\t\t<\/div>\n\t\t\t\t<\/div>\n\t\t\t\t<div class=\"elementor-element elementor-element-3226665d elementor-widget-mobile__width-initial elementor-absolute elementor-widget elementor-widget-image\" data-id=\"3226665d\" data-element_type=\"widget\" data-settings=\"{&quot;_position&quot;:&quot;absolute&quot;}\" data-widget_type=\"image.default\">\n\t\t\t\t<div class=\"elementor-widget-container\">\n\t\t\t\t\t\t\t\t\t\t\t\t\t\t\t\t<a href=\"https:\/\/portal.ifpe.edu.br\/recife\/\" target=\"_blank\">\n\t\t\t\t\t\t\t<img decoding=\"async\" src=\"https:\/\/malungolab.com\/wp-content\/uploads\/elementor\/thumbs\/logo_ifblack-r8806bdkjnistr3m4jox11bwmqjx1sa0n7vnodt1v2.png\" title=\"logo_ifblack\" alt=\"logo_ifblack\" loading=\"lazy\" \/>\t\t\t\t\t\t\t\t<\/a>\n\t\t\t\t\t\t\t\t\t\t\t\t\t\t\t<\/div>\n\t\t\t\t<\/div>\n\t\t\t\t<\/div>\n\t\t<div class=\"elementor-element elementor-element-b5fc09e e-flex e-con-boxed e-con e-parent\" data-id=\"b5fc09e\" data-element_type=\"container\">\n\t\t\t\t\t<div class=\"e-con-inner\">\n\t\t<div class=\"elementor-element elementor-element-23c6642 e-con-full e-flex e-con e-child\" data-id=\"23c6642\" data-element_type=\"container\">\n\t\t\t\t<div class=\"elementor-element elementor-element-d619968 elementor-widget elementor-widget-image\" data-id=\"d619968\" data-element_type=\"widget\" data-widget_type=\"image.default\">\n\t\t\t\t<div class=\"elementor-widget-container\">\n\t\t\t\t\t\t\t\t\t\t\t\t\t\t\t<img fetchpriority=\"high\" decoding=\"async\" width=\"768\" height=\"507\" src=\"https:\/\/malungolab.com\/wp-content\/uploads\/2025\/05\/Nicolau-de-Souza-768x507.jpg\" class=\"attachment-medium_large size-medium_large wp-image-1055\" alt=\"\" srcset=\"https:\/\/malungolab.com\/wp-content\/uploads\/2025\/05\/Nicolau-de-Souza-768x507.jpg 768w, https:\/\/malungolab.com\/wp-content\/uploads\/2025\/05\/Nicolau-de-Souza-300x198.jpg 300w, https:\/\/malungolab.com\/wp-content\/uploads\/2025\/05\/Nicolau-de-Souza.jpg 1024w\" sizes=\"(max-width: 768px) 100vw, 768px\" \/>\t\t\t\t\t\t\t\t\t\t\t\t\t\t\t<\/div>\n\t\t\t\t<\/div>\n\t\t\t\t<div class=\"elementor-element elementor-element-022f49e elementor-widget elementor-widget-heading\" data-id=\"022f49e\" data-element_type=\"widget\" data-widget_type=\"heading.default\">\n\t\t\t\t<div class=\"elementor-widget-container\">\n\t\t\t\t\t<h3 class=\"elementor-heading-title elementor-size-default\">NICOLAU DE SOUZA: UM ESCRAVO SENHOR DE ESCRAVOS<\/h3>\t\t\t\t<\/div>\n\t\t\t\t<\/div>\n\t\t\t\t<div class=\"elementor-element elementor-element-c5f4655 elementor-widget elementor-widget-heading\" data-id=\"c5f4655\" data-element_type=\"widget\" data-widget_type=\"heading.default\">\n\t\t\t\t<div class=\"elementor-widget-container\">\n\t\t\t\t\t<h4 class=\"elementor-heading-title elementor-size-default\">Robson Pedrosa Costa<\/h4>\t\t\t\t<\/div>\n\t\t\t\t<\/div>\n\t\t\t\t<\/div>\n\t\t<div class=\"elementor-element elementor-element-9c48b09 e-con-full e-flex e-con e-child\" data-id=\"9c48b09\" data-element_type=\"container\">\n\t\t\t\t<div class=\"elementor-element elementor-element-e77c7ef elementor-drop-cap-yes elementor-drop-cap-view-default elementor-widget elementor-widget-text-editor\" data-id=\"e77c7ef\" data-element_type=\"widget\" data-settings=\"{&quot;drop_cap&quot;:&quot;yes&quot;}\" data-widget_type=\"text-editor.default\">\n\t\t\t\t<div class=\"elementor-widget-container\">\n\t\t\t\t\t\t\t\t\t<p>O escravo Nicolau fazia parte de uma categoria bastante emblem\u00e1tica no mundo da escravid\u00e3o: ele era um escravo-feitor. \u00c9 poss\u00edvel imaginar o poder que ele possu\u00eda, vigiando, punindo e distribuindo benef\u00edcios de acordo com os seus pr\u00f3prios crit\u00e9rios. A fazenda era visitada regularmente pelo monge-fazendeiro, pois a propriedade pertencia \u00e0 Ordem de S\u00e3o Bento de Pernambuco. Contudo, a gest\u00e3o de fato reca\u00eda sobre as suas m\u00e3os. De fato, ele n\u00e3o foi o primeiro nem o \u00faltimo cativo a ocupar esta posi\u00e7\u00e3o em propriedades beneditinas. Mas nenhum deles alcan\u00e7ou o poder de Nicolau.<\/p><p>Em 1812, o ingl\u00eas Henry Koster conheceu o \u201cmulato feitor\u201d, que mereceu destaque em sua importante obra. Koster nos diz que Nicolau n\u00e3o conseguiu a liberdade porque os monges consideram que \u201ca propriedade n\u00e3o ficaria convenientemente administrada sem a sua assist\u00eancia\u201d, mas usufru\u00eda o \u201cconforto a que um homem de classe poderia aspirar\u201d. Sa\u00eda da fazenda sempre \u201cbem montado, como os ricos agricultores\u201d, sentando-se \u201cna presen\u00e7a dos amos, gozando de todas as prerrogativas de homem livre\u201d.<\/p><p>Em 1828, devido \u00e0 morte de sua esposa (uma mulher livre), tive acesso ao Invent\u00e1rio dos bens do casal. Eles viviam em uma casa constru\u00edda dentro da propriedade beneditina. Al\u00e9m de diversos objetivos de uso pessoal (adornos, joias sem grande valor, mob\u00edlia, utens\u00edlios dom\u00e9sticos) havia alguns animais, \u201cum partido de ro\u00e7a\u201d, \u201cuma morada de casas\u201d e um \u201cbem\u201d surpreendente: nove escravos. O caso de Nicolau nos levanta muitas quest\u00f5es complexas e de dif\u00edcil resposta. Sem d\u00favida, a exist\u00eancia deste escravos poderosos incomoda e perturba. Como este caso se enquadra nos estudos sobre Resist\u00eancia? Seria uma forma de \u201cag\u00eancia\u201d? Onde fica a luta pela liberdade? Restou a Nicolau uma vida de \u201cquase\u201d livre, experimentando poder, prest\u00edgio e prerrogativas vivenciadas por poucos. Mas, \u201ccontra todas as inclina\u00e7\u00f5es\u201d, nos diz Henry Koster, Nicolau morre escravo.<\/p><p>Para ver o texto completo, <strong>conferir<\/strong>:<\/p><p><strong>1. Vers\u00e3o em Portugu\u00eas:<\/strong><\/p><p><a href=\"https:\/\/periodicoscientificos.ufmt.br\/territoriosefronteiras\/index.php\/v03n02\/article\/view\/627\">Acessar<\/a><\/p><p><strong>2. Vers\u00e3o em Ingl\u00eas:<\/strong><\/p><p><a href=\"https:\/\/forhistiur.net\/landingpage\/370\">Acessar<\/a><\/p>\t\t\t\t\t\t\t\t<\/div>\n\t\t\t\t<\/div>\n\t\t\t\t<\/div>\n\t\t\t\t\t<\/div>\n\t\t\t\t<\/div>\n\t\t\t\t<\/div>\n\t\t","protected":false},"excerpt":{"rendered":"<p>\u00cdnicio Sobre Jogos Podcasts Artigos Projetos Contato NICOLAU DE SOUZA: UM ESCRAVO SENHOR DE ESCRAVOS Robson Pedrosa Costa O escravo Nicolau fazia parte de uma categoria bastante emblem\u00e1tica no mundo da escravid\u00e3o: ele era um escravo-feitor. \u00c9 poss\u00edvel imaginar o poder que ele possu\u00eda, vigiando, punindo e distribuindo benef\u00edcios de acordo com os seus pr\u00f3prios [&hellip;]<\/p>\n","protected":false},"author":1,"featured_media":0,"parent":0,"menu_order":0,"comment_status":"closed","ping_status":"closed","template":"","meta":{"footnotes":""},"class_list":["post-1044","page","type-page","status-publish","hentry"],"yoast_head":"<!-- This site is optimized with the Yoast SEO plugin v25.3.1 - https:\/\/yoast.com\/wordpress\/plugins\/seo\/ -->\n<title>Nicolau de Souza - Artigo - MALUNGOLAB<\/title>\n<meta name=\"robots\" content=\"index, follow, max-snippet:-1, max-image-preview:large, max-video-preview:-1\" \/>\n<link rel=\"canonical\" href=\"https:\/\/malungolab.com\/?page_id=1044\" \/>\n<meta property=\"og:locale\" content=\"pt_BR\" \/>\n<meta property=\"og:type\" content=\"article\" \/>\n<meta property=\"og:title\" content=\"Nicolau de Souza - Artigo - MALUNGOLAB\" \/>\n<meta property=\"og:description\" content=\"\u00cdnicio Sobre Jogos Podcasts Artigos Projetos Contato NICOLAU DE SOUZA: UM ESCRAVO SENHOR DE ESCRAVOS Robson Pedrosa Costa O escravo Nicolau fazia parte de uma categoria bastante emblem\u00e1tica no mundo da escravid\u00e3o: ele era um escravo-feitor. \u00c9 poss\u00edvel imaginar o poder que ele possu\u00eda, vigiando, punindo e distribuindo benef\u00edcios de acordo com os seus pr\u00f3prios [&hellip;]\" \/>\n<meta property=\"og:url\" content=\"https:\/\/malungolab.com\/?page_id=1044\" \/>\n<meta property=\"og:site_name\" content=\"MALUNGOLAB\" \/>\n<meta property=\"article:modified_time\" content=\"2026-01-26T14:16:16+00:00\" \/>\n<meta property=\"og:image\" content=\"https:\/\/malungolab.com\/wp-content\/uploads\/elementor\/thumbs\/PNGpretoVertical_Marca2-scaled-rg7a51r7fouilozkxwqs5pxmyac9zk2va93rlsz06m.png\" \/>\n<meta name=\"twitter:card\" content=\"summary_large_image\" \/>\n<meta name=\"twitter:label1\" content=\"Est. tempo de leitura\" \/>\n\t<meta name=\"twitter:data1\" content=\"3 minutos\" \/>\n<script type=\"application\/ld+json\" class=\"yoast-schema-graph\">{\"@context\":\"https:\/\/schema.org\",\"@graph\":[{\"@type\":\"WebPage\",\"@id\":\"https:\/\/malungolab.com\/?page_id=1044\",\"url\":\"https:\/\/malungolab.com\/?page_id=1044\",\"name\":\"Nicolau de Souza - Artigo - MALUNGOLAB\",\"isPartOf\":{\"@id\":\"https:\/\/malungolab.com\/#website\"},\"primaryImageOfPage\":{\"@id\":\"https:\/\/malungolab.com\/?page_id=1044#primaryimage\"},\"image\":{\"@id\":\"https:\/\/malungolab.com\/?page_id=1044#primaryimage\"},\"thumbnailUrl\":\"https:\/\/malungolab.com\/wp-content\/uploads\/elementor\/thumbs\/PNGpretoVertical_Marca2-scaled-rg7a51r7fouilozkxwqs5pxmyac9zk2va93rlsz06m.png\",\"datePublished\":\"2025-05-23T19:07:26+00:00\",\"dateModified\":\"2026-01-26T14:16:16+00:00\",\"breadcrumb\":{\"@id\":\"https:\/\/malungolab.com\/?page_id=1044#breadcrumb\"},\"inLanguage\":\"pt-BR\",\"potentialAction\":[{\"@type\":\"ReadAction\",\"target\":[\"https:\/\/malungolab.com\/?page_id=1044\"]}]},{\"@type\":\"ImageObject\",\"inLanguage\":\"pt-BR\",\"@id\":\"https:\/\/malungolab.com\/?page_id=1044#primaryimage\",\"url\":\"https:\/\/malungolab.com\/wp-content\/uploads\/elementor\/thumbs\/PNGpretoVertical_Marca2-scaled-rg7a51r7fouilozkxwqs5pxmyac9zk2va93rlsz06m.png\",\"contentUrl\":\"https:\/\/malungolab.com\/wp-content\/uploads\/elementor\/thumbs\/PNGpretoVertical_Marca2-scaled-rg7a51r7fouilozkxwqs5pxmyac9zk2va93rlsz06m.png\"},{\"@type\":\"BreadcrumbList\",\"@id\":\"https:\/\/malungolab.com\/?page_id=1044#breadcrumb\",\"itemListElement\":[{\"@type\":\"ListItem\",\"position\":1,\"name\":\"In\u00edcio\",\"item\":\"https:\/\/malungolab.com\/\"},{\"@type\":\"ListItem\",\"position\":2,\"name\":\"Nicolau de Souza &#8211; Artigo\"}]},{\"@type\":\"WebSite\",\"@id\":\"https:\/\/malungolab.com\/#website\",\"url\":\"https:\/\/malungolab.com\/\",\"name\":\"MALUNGOLAB\",\"description\":\"Laborat\u00f3rio de Humanidades Digitais e Inova\u00e7\u00e3o Social.\",\"publisher\":{\"@id\":\"https:\/\/malungolab.com\/#organization\"},\"potentialAction\":[{\"@type\":\"SearchAction\",\"target\":{\"@type\":\"EntryPoint\",\"urlTemplate\":\"https:\/\/malungolab.com\/?s={search_term_string}\"},\"query-input\":{\"@type\":\"PropertyValueSpecification\",\"valueRequired\":true,\"valueName\":\"search_term_string\"}}],\"inLanguage\":\"pt-BR\"},{\"@type\":\"Organization\",\"@id\":\"https:\/\/malungolab.com\/#organization\",\"name\":\"MALUNGOLAB\",\"url\":\"https:\/\/malungolab.com\/\",\"logo\":{\"@type\":\"ImageObject\",\"inLanguage\":\"pt-BR\",\"@id\":\"https:\/\/malungolab.com\/#\/schema\/logo\/image\/\",\"url\":\"https:\/\/malungolab.com\/wp-content\/uploads\/2025\/06\/cropped-logomalungopreto.png\",\"contentUrl\":\"https:\/\/malungolab.com\/wp-content\/uploads\/2025\/06\/cropped-logomalungopreto.png\",\"width\":512,\"height\":512,\"caption\":\"MALUNGOLAB\"},\"image\":{\"@id\":\"https:\/\/malungolab.com\/#\/schema\/logo\/image\/\"},\"sameAs\":[\"https:\/\/www.instagram.com\/malungolab\/\"]}]}<\/script>\n<!-- \/ Yoast SEO plugin. -->","yoast_head_json":{"title":"Nicolau de Souza - Artigo - MALUNGOLAB","robots":{"index":"index","follow":"follow","max-snippet":"max-snippet:-1","max-image-preview":"max-image-preview:large","max-video-preview":"max-video-preview:-1"},"canonical":"https:\/\/malungolab.com\/?page_id=1044","og_locale":"pt_BR","og_type":"article","og_title":"Nicolau de Souza - Artigo - MALUNGOLAB","og_description":"\u00cdnicio Sobre Jogos Podcasts Artigos Projetos Contato NICOLAU DE SOUZA: UM ESCRAVO SENHOR DE ESCRAVOS Robson Pedrosa Costa O escravo Nicolau fazia parte de uma categoria bastante emblem\u00e1tica no mundo da escravid\u00e3o: ele era um escravo-feitor. \u00c9 poss\u00edvel imaginar o poder que ele possu\u00eda, vigiando, punindo e distribuindo benef\u00edcios de acordo com os seus pr\u00f3prios [&hellip;]","og_url":"https:\/\/malungolab.com\/?page_id=1044","og_site_name":"MALUNGOLAB","article_modified_time":"2026-01-26T14:16:16+00:00","og_image":[{"url":"https:\/\/malungolab.com\/wp-content\/uploads\/elementor\/thumbs\/PNGpretoVertical_Marca2-scaled-rg7a51r7fouilozkxwqs5pxmyac9zk2va93rlsz06m.png","type":"","width":"","height":""}],"twitter_card":"summary_large_image","twitter_misc":{"Est. tempo de leitura":"3 minutos"},"schema":{"@context":"https:\/\/schema.org","@graph":[{"@type":"WebPage","@id":"https:\/\/malungolab.com\/?page_id=1044","url":"https:\/\/malungolab.com\/?page_id=1044","name":"Nicolau de Souza - Artigo - MALUNGOLAB","isPartOf":{"@id":"https:\/\/malungolab.com\/#website"},"primaryImageOfPage":{"@id":"https:\/\/malungolab.com\/?page_id=1044#primaryimage"},"image":{"@id":"https:\/\/malungolab.com\/?page_id=1044#primaryimage"},"thumbnailUrl":"https:\/\/malungolab.com\/wp-content\/uploads\/elementor\/thumbs\/PNGpretoVertical_Marca2-scaled-rg7a51r7fouilozkxwqs5pxmyac9zk2va93rlsz06m.png","datePublished":"2025-05-23T19:07:26+00:00","dateModified":"2026-01-26T14:16:16+00:00","breadcrumb":{"@id":"https:\/\/malungolab.com\/?page_id=1044#breadcrumb"},"inLanguage":"pt-BR","potentialAction":[{"@type":"ReadAction","target":["https:\/\/malungolab.com\/?page_id=1044"]}]},{"@type":"ImageObject","inLanguage":"pt-BR","@id":"https:\/\/malungolab.com\/?page_id=1044#primaryimage","url":"https:\/\/malungolab.com\/wp-content\/uploads\/elementor\/thumbs\/PNGpretoVertical_Marca2-scaled-rg7a51r7fouilozkxwqs5pxmyac9zk2va93rlsz06m.png","contentUrl":"https:\/\/malungolab.com\/wp-content\/uploads\/elementor\/thumbs\/PNGpretoVertical_Marca2-scaled-rg7a51r7fouilozkxwqs5pxmyac9zk2va93rlsz06m.png"},{"@type":"BreadcrumbList","@id":"https:\/\/malungolab.com\/?page_id=1044#breadcrumb","itemListElement":[{"@type":"ListItem","position":1,"name":"In\u00edcio","item":"https:\/\/malungolab.com\/"},{"@type":"ListItem","position":2,"name":"Nicolau de Souza &#8211; Artigo"}]},{"@type":"WebSite","@id":"https:\/\/malungolab.com\/#website","url":"https:\/\/malungolab.com\/","name":"MALUNGOLAB","description":"Laborat\u00f3rio de Humanidades Digitais e Inova\u00e7\u00e3o Social.","publisher":{"@id":"https:\/\/malungolab.com\/#organization"},"potentialAction":[{"@type":"SearchAction","target":{"@type":"EntryPoint","urlTemplate":"https:\/\/malungolab.com\/?s={search_term_string}"},"query-input":{"@type":"PropertyValueSpecification","valueRequired":true,"valueName":"search_term_string"}}],"inLanguage":"pt-BR"},{"@type":"Organization","@id":"https:\/\/malungolab.com\/#organization","name":"MALUNGOLAB","url":"https:\/\/malungolab.com\/","logo":{"@type":"ImageObject","inLanguage":"pt-BR","@id":"https:\/\/malungolab.com\/#\/schema\/logo\/image\/","url":"https:\/\/malungolab.com\/wp-content\/uploads\/2025\/06\/cropped-logomalungopreto.png","contentUrl":"https:\/\/malungolab.com\/wp-content\/uploads\/2025\/06\/cropped-logomalungopreto.png","width":512,"height":512,"caption":"MALUNGOLAB"},"image":{"@id":"https:\/\/malungolab.com\/#\/schema\/logo\/image\/"},"sameAs":["https:\/\/www.instagram.com\/malungolab\/"]}]}},"_links":{"self":[{"href":"https:\/\/malungolab.com\/index.php?rest_route=\/wp\/v2\/pages\/1044","targetHints":{"allow":["GET"]}}],"collection":[{"href":"https:\/\/malungolab.com\/index.php?rest_route=\/wp\/v2\/pages"}],"about":[{"href":"https:\/\/malungolab.com\/index.php?rest_route=\/wp\/v2\/types\/page"}],"author":[{"embeddable":true,"href":"https:\/\/malungolab.com\/index.php?rest_route=\/wp\/v2\/users\/1"}],"replies":[{"embeddable":true,"href":"https:\/\/malungolab.com\/index.php?rest_route=%2Fwp%2Fv2%2Fcomments&post=1044"}],"version-history":[{"count":31,"href":"https:\/\/malungolab.com\/index.php?rest_route=\/wp\/v2\/pages\/1044\/revisions"}],"predecessor-version":[{"id":2192,"href":"https:\/\/malungolab.com\/index.php?rest_route=\/wp\/v2\/pages\/1044\/revisions\/2192"}],"wp:attachment":[{"href":"https:\/\/malungolab.com\/index.php?rest_route=%2Fwp%2Fv2%2Fmedia&parent=1044"}],"curies":[{"name":"wp","href":"https:\/\/api.w.org\/{rel}","templated":true}]}}