{"id":1074,"date":"2025-05-23T16:14:32","date_gmt":"2025-05-23T19:14:32","guid":{"rendered":"https:\/\/malungolab.com\/?page_id=1074"},"modified":"2026-01-26T11:16:39","modified_gmt":"2026-01-26T14:16:39","slug":"micaela-uma-escravizada-de-posses-artigo","status":"publish","type":"page","link":"https:\/\/malungolab.com\/?page_id=1074","title":{"rendered":"Micaela, Uma Escravizada de Posses &#8211; Artigo"},"content":{"rendered":"\t\t<div data-elementor-type=\"wp-page\" data-elementor-id=\"1074\" class=\"elementor elementor-1074\" data-elementor-post-type=\"page\">\n\t\t\t\t<div class=\"elementor-element elementor-element-5b46fd90 e-con-full e-flex e-con e-parent\" data-id=\"5b46fd90\" data-element_type=\"container\">\n\t\t<div class=\"elementor-element elementor-element-47cd9c01 e-con-full e-flex e-con e-child\" data-id=\"47cd9c01\" data-element_type=\"container\">\n\t\t\t\t<div class=\"elementor-element elementor-element-71e9850d elementor-icon-list--layout-inline elementor-mobile-align-left elementor-align-left elementor-widget__width-initial elementor-list-item-link-full_width elementor-widget elementor-widget-icon-list\" data-id=\"71e9850d\" data-element_type=\"widget\" data-widget_type=\"icon-list.default\">\n\t\t\t\t<div class=\"elementor-widget-container\">\n\t\t\t\t\t\t\t<ul class=\"elementor-icon-list-items elementor-inline-items\">\n\t\t\t\t\t\t\t<li class=\"elementor-icon-list-item elementor-inline-item\">\n\t\t\t\t\t\t\t\t\t\t\t<a href=\"https:\/\/malungolab.com\/\">\n\n\t\t\t\t\t\t\t\t\t\t\t\t<span class=\"elementor-icon-list-icon\">\n\t\t\t\t\t\t\t<svg aria-hidden=\"true\" class=\"e-font-icon-svg e-fas-home\" viewBox=\"0 0 576 512\" xmlns=\"http:\/\/www.w3.org\/2000\/svg\"><path d=\"M280.37 148.26L96 300.11V464a16 16 0 0 0 16 16l112.06-.29a16 16 0 0 0 15.92-16V368a16 16 0 0 1 16-16h64a16 16 0 0 1 16 16v95.64a16 16 0 0 0 16 16.05L464 480a16 16 0 0 0 16-16V300L295.67 148.26a12.19 12.19 0 0 0-15.3 0zM571.6 251.47L488 182.56V44.05a12 12 0 0 0-12-12h-56a12 12 0 0 0-12 12v72.61L318.47 43a48 48 0 0 0-61 0L4.34 251.47a12 12 0 0 0-1.6 16.9l25.5 31A12 12 0 0 0 45.15 301l235.22-193.74a12.19 12.19 0 0 1 15.3 0L530.9 301a12 12 0 0 0 16.9-1.6l25.5-31a12 12 0 0 0-1.7-16.93z\"><\/path><\/svg>\t\t\t\t\t\t<\/span>\n\t\t\t\t\t\t\t\t\t\t<span class=\"elementor-icon-list-text\">\u00cdnicio<\/span>\n\t\t\t\t\t\t\t\t\t\t\t<\/a>\n\t\t\t\t\t\t\t\t\t<\/li>\n\t\t\t\t\t\t\t\t<li class=\"elementor-icon-list-item elementor-inline-item\">\n\t\t\t\t\t\t\t\t\t\t\t<a href=\"https:\/\/malungolab.com\/?page_id=13\">\n\n\t\t\t\t\t\t\t\t\t\t\t\t<span class=\"elementor-icon-list-icon\">\n\t\t\t\t\t\t\t<svg aria-hidden=\"true\" class=\"e-font-icon-svg e-fas-align-justify\" viewBox=\"0 0 448 512\" xmlns=\"http:\/\/www.w3.org\/2000\/svg\"><path d=\"M432 416H16a16 16 0 0 0-16 16v32a16 16 0 0 0 16 16h416a16 16 0 0 0 16-16v-32a16 16 0 0 0-16-16zm0-128H16a16 16 0 0 0-16 16v32a16 16 0 0 0 16 16h416a16 16 0 0 0 16-16v-32a16 16 0 0 0-16-16zm0-128H16a16 16 0 0 0-16 16v32a16 16 0 0 0 16 16h416a16 16 0 0 0 16-16v-32a16 16 0 0 0-16-16zm0-128H16A16 16 0 0 0 0 48v32a16 16 0 0 0 16 16h416a16 16 0 0 0 16-16V48a16 16 0 0 0-16-16z\"><\/path><\/svg>\t\t\t\t\t\t<\/span>\n\t\t\t\t\t\t\t\t\t\t<span class=\"elementor-icon-list-text\">Sobre<\/span>\n\t\t\t\t\t\t\t\t\t\t\t<\/a>\n\t\t\t\t\t\t\t\t\t<\/li>\n\t\t\t\t\t\t\t\t<li class=\"elementor-icon-list-item elementor-inline-item\">\n\t\t\t\t\t\t\t\t\t\t\t<a href=\"https:\/\/malungolab.com\/?page_id=713\">\n\n\t\t\t\t\t\t\t\t\t\t\t\t<span class=\"elementor-icon-list-icon\">\n\t\t\t\t\t\t\t<svg aria-hidden=\"true\" class=\"e-font-icon-svg e-fas-gamepad\" viewBox=\"0 0 640 512\" xmlns=\"http:\/\/www.w3.org\/2000\/svg\"><path d=\"M480.07 96H160a160 160 0 1 0 114.24 272h91.52A160 160 0 1 0 480.07 96zM248 268a12 12 0 0 1-12 12h-52v52a12 12 0 0 1-12 12h-24a12 12 0 0 1-12-12v-52H84a12 12 0 0 1-12-12v-24a12 12 0 0 1 12-12h52v-52a12 12 0 0 1 12-12h24a12 12 0 0 1 12 12v52h52a12 12 0 0 1 12 12zm216 76a40 40 0 1 1 40-40 40 40 0 0 1-40 40zm64-96a40 40 0 1 1 40-40 40 40 0 0 1-40 40z\"><\/path><\/svg>\t\t\t\t\t\t<\/span>\n\t\t\t\t\t\t\t\t\t\t<span class=\"elementor-icon-list-text\">Jogos<\/span>\n\t\t\t\t\t\t\t\t\t\t\t<\/a>\n\t\t\t\t\t\t\t\t\t<\/li>\n\t\t\t\t\t\t\t\t<li class=\"elementor-icon-list-item elementor-inline-item\">\n\t\t\t\t\t\t\t\t\t\t\t<a href=\"https:\/\/malungolab.com\/?page_id=1323\">\n\n\t\t\t\t\t\t\t\t\t\t\t\t<span class=\"elementor-icon-list-icon\">\n\t\t\t\t\t\t\t<svg aria-hidden=\"true\" class=\"e-font-icon-svg e-fas-podcast\" viewBox=\"0 0 448 512\" xmlns=\"http:\/\/www.w3.org\/2000\/svg\"><path d=\"M267.429 488.563C262.286 507.573 242.858 512 224 512c-18.857 0-38.286-4.427-43.428-23.437C172.927 460.134 160 388.898 160 355.75c0-35.156 31.142-43.75 64-43.75s64 8.594 64 43.75c0 32.949-12.871 104.179-20.571 132.813zM156.867 288.554c-18.693-18.308-29.958-44.173-28.784-72.599 2.054-49.724 42.395-89.956 92.124-91.881C274.862 121.958 320 165.807 320 220c0 26.827-11.064 51.116-28.866 68.552-2.675 2.62-2.401 6.986.628 9.187 9.312 6.765 16.46 15.343 21.234 25.363 1.741 3.654 6.497 4.66 9.449 1.891 28.826-27.043 46.553-65.783 45.511-108.565-1.855-76.206-63.595-138.208-139.793-140.369C146.869 73.753 80 139.215 80 220c0 41.361 17.532 78.7 45.55 104.989 2.953 2.771 7.711 1.77 9.453-1.887 4.774-10.021 11.923-18.598 21.235-25.363 3.029-2.2 3.304-6.566.629-9.185zM224 0C100.204 0 0 100.185 0 224c0 89.992 52.602 165.647 125.739 201.408 4.333 2.118 9.267-1.544 8.535-6.31-2.382-15.512-4.342-30.946-5.406-44.339-.146-1.836-1.149-3.486-2.678-4.512-47.4-31.806-78.564-86.016-78.187-147.347.592-96.237 79.29-174.648 175.529-174.899C320.793 47.747 400 126.797 400 224c0 61.932-32.158 116.49-80.65 147.867-.999 14.037-3.069 30.588-5.624 47.23-.732 4.767 4.203 8.429 8.535 6.31C395.227 389.727 448 314.187 448 224 448 100.205 347.815 0 224 0zm0 160c-35.346 0-64 28.654-64 64s28.654 64 64 64 64-28.654 64-64-28.654-64-64-64z\"><\/path><\/svg>\t\t\t\t\t\t<\/span>\n\t\t\t\t\t\t\t\t\t\t<span class=\"elementor-icon-list-text\">Podcasts<\/span>\n\t\t\t\t\t\t\t\t\t\t\t<\/a>\n\t\t\t\t\t\t\t\t\t<\/li>\n\t\t\t\t\t\t\t\t<li class=\"elementor-icon-list-item elementor-inline-item\">\n\t\t\t\t\t\t\t\t\t\t\t<a href=\"https:\/\/malungolab.com\/?page_id=860\">\n\n\t\t\t\t\t\t\t\t\t\t\t\t<span class=\"elementor-icon-list-icon\">\n\t\t\t\t\t\t\t<svg aria-hidden=\"true\" class=\"e-font-icon-svg e-fas-book-open\" viewBox=\"0 0 576 512\" xmlns=\"http:\/\/www.w3.org\/2000\/svg\"><path d=\"M542.22 32.05c-54.8 3.11-163.72 14.43-230.96 55.59-4.64 2.84-7.27 7.89-7.27 13.17v363.87c0 11.55 12.63 18.85 23.28 13.49 69.18-34.82 169.23-44.32 218.7-46.92 16.89-.89 30.02-14.43 30.02-30.66V62.75c.01-17.71-15.35-31.74-33.77-30.7zM264.73 87.64C197.5 46.48 88.58 35.17 33.78 32.05 15.36 31.01 0 45.04 0 62.75V400.6c0 16.24 13.13 29.78 30.02 30.66 49.49 2.6 149.59 12.11 218.77 46.95 10.62 5.35 23.21-1.94 23.21-13.46V100.63c0-5.29-2.62-10.14-7.27-12.99z\"><\/path><\/svg>\t\t\t\t\t\t<\/span>\n\t\t\t\t\t\t\t\t\t\t<span class=\"elementor-icon-list-text\">Artigos<\/span>\n\t\t\t\t\t\t\t\t\t\t\t<\/a>\n\t\t\t\t\t\t\t\t\t<\/li>\n\t\t\t\t\t\t\t\t<li class=\"elementor-icon-list-item elementor-inline-item\">\n\t\t\t\t\t\t\t\t\t\t\t<a href=\"https:\/\/malungolab.com\/?page_id=1732&#038;preview=true\">\n\n\t\t\t\t\t\t\t\t\t\t\t\t<span class=\"elementor-icon-list-icon\">\n\t\t\t\t\t\t\t<svg aria-hidden=\"true\" class=\"e-font-icon-svg e-fas-project-diagram\" viewBox=\"0 0 640 512\" xmlns=\"http:\/\/www.w3.org\/2000\/svg\"><path d=\"M384 320H256c-17.67 0-32 14.33-32 32v128c0 17.67 14.33 32 32 32h128c17.67 0 32-14.33 32-32V352c0-17.67-14.33-32-32-32zM192 32c0-17.67-14.33-32-32-32H32C14.33 0 0 14.33 0 32v128c0 17.67 14.33 32 32 32h95.72l73.16 128.04C211.98 300.98 232.4 288 256 288h.28L192 175.51V128h224V64H192V32zM608 0H480c-17.67 0-32 14.33-32 32v128c0 17.67 14.33 32 32 32h128c17.67 0 32-14.33 32-32V32c0-17.67-14.33-32-32-32z\"><\/path><\/svg>\t\t\t\t\t\t<\/span>\n\t\t\t\t\t\t\t\t\t\t<span class=\"elementor-icon-list-text\">Projetos<\/span>\n\t\t\t\t\t\t\t\t\t\t\t<\/a>\n\t\t\t\t\t\t\t\t\t<\/li>\n\t\t\t\t\t\t\t\t<li class=\"elementor-icon-list-item elementor-inline-item\">\n\t\t\t\t\t\t\t\t\t\t\t<a href=\"https:\/\/malungolab.com\/?page_id=1174\">\n\n\t\t\t\t\t\t\t\t\t\t\t\t<span class=\"elementor-icon-list-icon\">\n\t\t\t\t\t\t\t<svg aria-hidden=\"true\" class=\"e-font-icon-svg e-fas-file-contract\" viewBox=\"0 0 384 512\" xmlns=\"http:\/\/www.w3.org\/2000\/svg\"><path d=\"M224 136V0H24C10.7 0 0 10.7 0 24v464c0 13.3 10.7 24 24 24h336c13.3 0 24-10.7 24-24V160H248c-13.2 0-24-10.8-24-24zM64 72c0-4.42 3.58-8 8-8h80c4.42 0 8 3.58 8 8v16c0 4.42-3.58 8-8 8H72c-4.42 0-8-3.58-8-8V72zm0 64c0-4.42 3.58-8 8-8h80c4.42 0 8 3.58 8 8v16c0 4.42-3.58 8-8 8H72c-4.42 0-8-3.58-8-8v-16zm192.81 248H304c8.84 0 16 7.16 16 16s-7.16 16-16 16h-47.19c-16.45 0-31.27-9.14-38.64-23.86-2.95-5.92-8.09-6.52-10.17-6.52s-7.22.59-10.02 6.19l-7.67 15.34a15.986 15.986 0 0 1-14.31 8.84c-.38 0-.75-.02-1.14-.05-6.45-.45-12-4.75-14.03-10.89L144 354.59l-10.61 31.88c-5.89 17.66-22.38 29.53-41 29.53H80c-8.84 0-16-7.16-16-16s7.16-16 16-16h12.39c4.83 0 9.11-3.08 10.64-7.66l18.19-54.64c3.3-9.81 12.44-16.41 22.78-16.41s19.48 6.59 22.77 16.41l13.88 41.64c19.77-16.19 54.05-9.7 66 14.16 2.02 4.06 5.96 6.5 10.16 6.5zM377 105L279.1 7c-4.5-4.5-10.6-7-17-7H256v128h128v-6.1c0-6.3-2.5-12.4-7-16.9z\"><\/path><\/svg>\t\t\t\t\t\t<\/span>\n\t\t\t\t\t\t\t\t\t\t<span class=\"elementor-icon-list-text\">Contato<\/span>\n\t\t\t\t\t\t\t\t\t\t\t<\/a>\n\t\t\t\t\t\t\t\t\t<\/li>\n\t\t\t\t\t\t<\/ul>\n\t\t\t\t\t\t<\/div>\n\t\t\t\t<\/div>\n\t\t\t\t<\/div>\n\t\t\t\t<div class=\"elementor-element elementor-element-56eeeba4 elementor-widget-mobile__width-initial elementor-absolute elementor-widget elementor-widget-image\" data-id=\"56eeeba4\" data-element_type=\"widget\" data-settings=\"{&quot;_position&quot;:&quot;absolute&quot;}\" data-widget_type=\"image.default\">\n\t\t\t\t<div class=\"elementor-widget-container\">\n\t\t\t\t\t\t\t\t\t\t\t\t\t\t\t\t<a href=\"https:\/\/www.instagram.com\/malungolab\/\" target=\"_blank\">\n\t\t\t\t\t\t\t<img decoding=\"async\" src=\"https:\/\/malungolab.com\/wp-content\/uploads\/elementor\/thumbs\/PNGpretoVertical_Marca2-scaled-rg7a51r7fouilozkxwqs5pxmyac9zk2va93rlsz06m.png\" title=\"PNGpretoVertical_Marca2\" alt=\"PNGpretoVertical_Marca2\" loading=\"lazy\" \/>\t\t\t\t\t\t\t\t<\/a>\n\t\t\t\t\t\t\t\t\t\t\t\t\t\t\t<\/div>\n\t\t\t\t<\/div>\n\t\t\t\t<div class=\"elementor-element elementor-element-58d70c8c elementor-widget-mobile__width-initial elementor-absolute elementor-widget elementor-widget-image\" data-id=\"58d70c8c\" data-element_type=\"widget\" data-settings=\"{&quot;_position&quot;:&quot;absolute&quot;}\" data-widget_type=\"image.default\">\n\t\t\t\t<div class=\"elementor-widget-container\">\n\t\t\t\t\t\t\t\t\t\t\t\t\t\t\t\t<a href=\"https:\/\/portal.ifpe.edu.br\/recife\/\" target=\"_blank\">\n\t\t\t\t\t\t\t<img decoding=\"async\" src=\"https:\/\/malungolab.com\/wp-content\/uploads\/elementor\/thumbs\/logo_ifblack-r8806bdkjnistr3m4jox11bwmqjx1sa0n7vnodt1v2.png\" title=\"logo_ifblack\" alt=\"logo_ifblack\" loading=\"lazy\" \/>\t\t\t\t\t\t\t\t<\/a>\n\t\t\t\t\t\t\t\t\t\t\t\t\t\t\t<\/div>\n\t\t\t\t<\/div>\n\t\t\t\t<\/div>\n\t\t<div class=\"elementor-element elementor-element-ab1249e e-flex e-con-boxed e-con e-parent\" data-id=\"ab1249e\" data-element_type=\"container\">\n\t\t\t\t\t<div class=\"e-con-inner\">\n\t\t<div class=\"elementor-element elementor-element-8132964 e-con-full e-flex e-con e-child\" data-id=\"8132964\" data-element_type=\"container\">\n\t\t\t\t<div class=\"elementor-element elementor-element-7d533aa elementor-widget elementor-widget-image\" data-id=\"7d533aa\" data-element_type=\"widget\" data-widget_type=\"image.default\">\n\t\t\t\t<div class=\"elementor-widget-container\">\n\t\t\t\t\t\t\t\t\t\t\t\t\t\t\t<img fetchpriority=\"high\" decoding=\"async\" width=\"580\" height=\"404\" src=\"https:\/\/malungolab.com\/wp-content\/uploads\/2025\/05\/Micaela-Escrava-de-Posses.png\" class=\"attachment-medium_large size-medium_large wp-image-1082\" alt=\"\" srcset=\"https:\/\/malungolab.com\/wp-content\/uploads\/2025\/05\/Micaela-Escrava-de-Posses.png 580w, https:\/\/malungolab.com\/wp-content\/uploads\/2025\/05\/Micaela-Escrava-de-Posses-300x209.png 300w\" sizes=\"(max-width: 580px) 100vw, 580px\" \/>\t\t\t\t\t\t\t\t\t\t\t\t\t\t\t<\/div>\n\t\t\t\t<\/div>\n\t\t\t\t<div class=\"elementor-element elementor-element-ed394e2 elementor-widget elementor-widget-heading\" data-id=\"ed394e2\" data-element_type=\"widget\" data-widget_type=\"heading.default\">\n\t\t\t\t<div class=\"elementor-widget-container\">\n\t\t\t\t\t<h3 class=\"elementor-heading-title elementor-size-default\">MICAELA: UMA ESCRAVIZADA DE POSSES<\/h3>\t\t\t\t<\/div>\n\t\t\t\t<\/div>\n\t\t\t\t<div class=\"elementor-element elementor-element-8973d87 elementor-widget elementor-widget-heading\" data-id=\"8973d87\" data-element_type=\"widget\" data-widget_type=\"heading.default\">\n\t\t\t\t<div class=\"elementor-widget-container\">\n\t\t\t\t\t<h4 class=\"elementor-heading-title elementor-size-default\">Robson Pedrosa Costa<\/h4>\t\t\t\t<\/div>\n\t\t\t\t<\/div>\n\t\t\t\t<\/div>\n\t\t<div class=\"elementor-element elementor-element-1824d91 e-con-full e-flex e-con e-child\" data-id=\"1824d91\" data-element_type=\"container\">\n\t\t\t\t<div class=\"elementor-element elementor-element-5d8ee15 elementor-drop-cap-yes elementor-drop-cap-view-default elementor-widget elementor-widget-text-editor\" data-id=\"5d8ee15\" data-element_type=\"widget\" data-settings=\"{&quot;drop_cap&quot;:&quot;yes&quot;}\" data-widget_type=\"text-editor.default\">\n\t\t\t\t<div class=\"elementor-widget-container\">\n\t\t\t\t\t\t\t\t\t<p>Em 1866, o jurista Perdig\u00e3o Malheiro assim escreveu: \u201cO escravo nada adquiria, nem adquire, para si; tudo para o senhor\u201d. Este princ\u00edpio valia para todo tipo de posse, fossem \u201cdireitos reais, desmembra\u00e7\u00f5es da propriedade, cr\u00e9ditos, legados, heran\u00e7a\u201d. No entanto, apesar das proibi\u00e7\u00f5es legais, muitos escravizados acumularam bens e usufru\u00edam de posses muitas vezes superiores a pessoas de condi\u00e7\u00e3o livre. Em 1811, o Mosteiro de Olinda registrou a morte de Micaela. O documento n\u00e3o lista todo o seu patrim\u00f4nio. Diz apenas que ela havia deixado \u201calguns bens e escravos, entre eles um Jo\u00e3o Vieira, 50 anos\u201d. Como este cativo havia prestado bons servi\u00e7os ao Mosteiro, os monges decidiram conceder-lhe a carta de alforria, gratuitamente.<\/p><p>No entanto, os beneditinos n\u00e3o tomaram para si o princ\u00edpio defendido por Malheiro, reivindicando o direito de que tudo pertenceria ao senhor. Pelo contr\u00e1rio. Os monges se comprometeram a dar o valor do dito Jo\u00e3o Vieira aos respectivos herdeiros, \u201cfilhos da defunta\u201d, tirando parte para o sufr\u00e1gio dela. Outra cativa pertencente \u00e0 Micaela tamb\u00e9m \u00e9 citada. Ela se chamava Maria das Candeias. Os monges decidiram incorpor\u00e1-la ao seu patrim\u00f4nio, comprometendo-se tamb\u00e9m a indenizar os respectivos herdeiros da escrava-senhora.<\/p><p>Em 1817, outro escravo faleceu, chamado Jos\u00e9 Vieira. Neste caso, o cativo havia deixado uma d\u00edvida de 33$000 a diversas pessoas. Contudo, como havia deixado \u201cuma negra\u201d, avaliada em 70 mil reis, \u201ca qual de nada servia \u00e0 Religi\u00e3o, por n\u00e3o ser de servi\u00e7o\u201d, ficou acertado que um irm\u00e3o do defunto pagaria valor pela escrava. Parte do dinheiro foi usado para quitar as d\u00edvidas. O restante foi distribu\u00eddo aos filhos do defunto, obrigando-os a dizer-lhe \u201calgumas missas\u201d.<\/p><p>Sobre escravos com posses, <strong>ver<\/strong>:<\/p><p>COSTA, Robson Pedrosa. senhor de escravo em cativeiro: a trajet\u00f3ria de Nicolau de Souza, Pernambuco, 1812-1835;<br \/>DOI: <a href=\"https:\/\/doi.org\/10.22228\/rtf.v10i1.627\">Acessar<\/a><\/p>\t\t\t\t\t\t\t\t<\/div>\n\t\t\t\t<\/div>\n\t\t\t\t<\/div>\n\t\t\t\t\t<\/div>\n\t\t\t\t<\/div>\n\t\t\t\t<\/div>\n\t\t","protected":false},"excerpt":{"rendered":"<p>\u00cdnicio Sobre Jogos Podcasts Artigos Projetos Contato MICAELA: UMA ESCRAVIZADA DE POSSES Robson Pedrosa Costa Em 1866, o jurista Perdig\u00e3o Malheiro assim escreveu: \u201cO escravo nada adquiria, nem adquire, para si; tudo para o senhor\u201d. Este princ\u00edpio valia para todo tipo de posse, fossem \u201cdireitos reais, desmembra\u00e7\u00f5es da propriedade, cr\u00e9ditos, legados, heran\u00e7a\u201d. No entanto, apesar [&hellip;]<\/p>\n","protected":false},"author":1,"featured_media":0,"parent":0,"menu_order":0,"comment_status":"closed","ping_status":"closed","template":"","meta":{"footnotes":""},"class_list":["post-1074","page","type-page","status-publish","hentry"],"yoast_head":"<!-- This site is optimized with the Yoast SEO plugin v25.3.1 - https:\/\/yoast.com\/wordpress\/plugins\/seo\/ -->\n<title>Micaela, Uma Escravizada de Posses - Artigo - MALUNGOLAB<\/title>\n<meta name=\"robots\" content=\"index, follow, max-snippet:-1, max-image-preview:large, max-video-preview:-1\" \/>\n<link rel=\"canonical\" href=\"https:\/\/malungolab.com\/?page_id=1074\" \/>\n<meta property=\"og:locale\" content=\"pt_BR\" \/>\n<meta property=\"og:type\" content=\"article\" \/>\n<meta property=\"og:title\" content=\"Micaela, Uma Escravizada de Posses - Artigo - MALUNGOLAB\" \/>\n<meta property=\"og:description\" content=\"\u00cdnicio Sobre Jogos Podcasts Artigos Projetos Contato MICAELA: UMA ESCRAVIZADA DE POSSES Robson Pedrosa Costa Em 1866, o jurista Perdig\u00e3o Malheiro assim escreveu: \u201cO escravo nada adquiria, nem adquire, para si; tudo para o senhor\u201d. Este princ\u00edpio valia para todo tipo de posse, fossem \u201cdireitos reais, desmembra\u00e7\u00f5es da propriedade, cr\u00e9ditos, legados, heran\u00e7a\u201d. No entanto, apesar [&hellip;]\" \/>\n<meta property=\"og:url\" content=\"https:\/\/malungolab.com\/?page_id=1074\" \/>\n<meta property=\"og:site_name\" content=\"MALUNGOLAB\" \/>\n<meta property=\"article:modified_time\" content=\"2026-01-26T14:16:39+00:00\" \/>\n<meta property=\"og:image\" content=\"https:\/\/malungolab.com\/wp-content\/uploads\/elementor\/thumbs\/PNGpretoVertical_Marca2-scaled-rg7a51r7fouilozkxwqs5pxmyac9zk2va93rlsz06m.png\" \/>\n<meta name=\"twitter:card\" content=\"summary_large_image\" \/>\n<meta name=\"twitter:label1\" content=\"Est. tempo de leitura\" \/>\n\t<meta name=\"twitter:data1\" content=\"2 minutos\" \/>\n<script type=\"application\/ld+json\" class=\"yoast-schema-graph\">{\"@context\":\"https:\/\/schema.org\",\"@graph\":[{\"@type\":\"WebPage\",\"@id\":\"https:\/\/malungolab.com\/?page_id=1074\",\"url\":\"https:\/\/malungolab.com\/?page_id=1074\",\"name\":\"Micaela, Uma Escravizada de Posses - Artigo - MALUNGOLAB\",\"isPartOf\":{\"@id\":\"https:\/\/malungolab.com\/#website\"},\"primaryImageOfPage\":{\"@id\":\"https:\/\/malungolab.com\/?page_id=1074#primaryimage\"},\"image\":{\"@id\":\"https:\/\/malungolab.com\/?page_id=1074#primaryimage\"},\"thumbnailUrl\":\"https:\/\/malungolab.com\/wp-content\/uploads\/elementor\/thumbs\/PNGpretoVertical_Marca2-scaled-rg7a51r7fouilozkxwqs5pxmyac9zk2va93rlsz06m.png\",\"datePublished\":\"2025-05-23T19:14:32+00:00\",\"dateModified\":\"2026-01-26T14:16:39+00:00\",\"breadcrumb\":{\"@id\":\"https:\/\/malungolab.com\/?page_id=1074#breadcrumb\"},\"inLanguage\":\"pt-BR\",\"potentialAction\":[{\"@type\":\"ReadAction\",\"target\":[\"https:\/\/malungolab.com\/?page_id=1074\"]}]},{\"@type\":\"ImageObject\",\"inLanguage\":\"pt-BR\",\"@id\":\"https:\/\/malungolab.com\/?page_id=1074#primaryimage\",\"url\":\"https:\/\/malungolab.com\/wp-content\/uploads\/elementor\/thumbs\/PNGpretoVertical_Marca2-scaled-rg7a51r7fouilozkxwqs5pxmyac9zk2va93rlsz06m.png\",\"contentUrl\":\"https:\/\/malungolab.com\/wp-content\/uploads\/elementor\/thumbs\/PNGpretoVertical_Marca2-scaled-rg7a51r7fouilozkxwqs5pxmyac9zk2va93rlsz06m.png\"},{\"@type\":\"BreadcrumbList\",\"@id\":\"https:\/\/malungolab.com\/?page_id=1074#breadcrumb\",\"itemListElement\":[{\"@type\":\"ListItem\",\"position\":1,\"name\":\"In\u00edcio\",\"item\":\"https:\/\/malungolab.com\/\"},{\"@type\":\"ListItem\",\"position\":2,\"name\":\"Micaela, Uma Escravizada de Posses &#8211; Artigo\"}]},{\"@type\":\"WebSite\",\"@id\":\"https:\/\/malungolab.com\/#website\",\"url\":\"https:\/\/malungolab.com\/\",\"name\":\"MALUNGOLAB\",\"description\":\"Laborat\u00f3rio de Humanidades Digitais e Inova\u00e7\u00e3o Social.\",\"publisher\":{\"@id\":\"https:\/\/malungolab.com\/#organization\"},\"potentialAction\":[{\"@type\":\"SearchAction\",\"target\":{\"@type\":\"EntryPoint\",\"urlTemplate\":\"https:\/\/malungolab.com\/?s={search_term_string}\"},\"query-input\":{\"@type\":\"PropertyValueSpecification\",\"valueRequired\":true,\"valueName\":\"search_term_string\"}}],\"inLanguage\":\"pt-BR\"},{\"@type\":\"Organization\",\"@id\":\"https:\/\/malungolab.com\/#organization\",\"name\":\"MALUNGOLAB\",\"url\":\"https:\/\/malungolab.com\/\",\"logo\":{\"@type\":\"ImageObject\",\"inLanguage\":\"pt-BR\",\"@id\":\"https:\/\/malungolab.com\/#\/schema\/logo\/image\/\",\"url\":\"https:\/\/malungolab.com\/wp-content\/uploads\/2025\/06\/cropped-logomalungopreto.png\",\"contentUrl\":\"https:\/\/malungolab.com\/wp-content\/uploads\/2025\/06\/cropped-logomalungopreto.png\",\"width\":512,\"height\":512,\"caption\":\"MALUNGOLAB\"},\"image\":{\"@id\":\"https:\/\/malungolab.com\/#\/schema\/logo\/image\/\"},\"sameAs\":[\"https:\/\/www.instagram.com\/malungolab\/\"]}]}<\/script>\n<!-- \/ Yoast SEO plugin. -->","yoast_head_json":{"title":"Micaela, Uma Escravizada de Posses - Artigo - MALUNGOLAB","robots":{"index":"index","follow":"follow","max-snippet":"max-snippet:-1","max-image-preview":"max-image-preview:large","max-video-preview":"max-video-preview:-1"},"canonical":"https:\/\/malungolab.com\/?page_id=1074","og_locale":"pt_BR","og_type":"article","og_title":"Micaela, Uma Escravizada de Posses - Artigo - MALUNGOLAB","og_description":"\u00cdnicio Sobre Jogos Podcasts Artigos Projetos Contato MICAELA: UMA ESCRAVIZADA DE POSSES Robson Pedrosa Costa Em 1866, o jurista Perdig\u00e3o Malheiro assim escreveu: \u201cO escravo nada adquiria, nem adquire, para si; tudo para o senhor\u201d. Este princ\u00edpio valia para todo tipo de posse, fossem \u201cdireitos reais, desmembra\u00e7\u00f5es da propriedade, cr\u00e9ditos, legados, heran\u00e7a\u201d. No entanto, apesar [&hellip;]","og_url":"https:\/\/malungolab.com\/?page_id=1074","og_site_name":"MALUNGOLAB","article_modified_time":"2026-01-26T14:16:39+00:00","og_image":[{"url":"https:\/\/malungolab.com\/wp-content\/uploads\/elementor\/thumbs\/PNGpretoVertical_Marca2-scaled-rg7a51r7fouilozkxwqs5pxmyac9zk2va93rlsz06m.png","type":"","width":"","height":""}],"twitter_card":"summary_large_image","twitter_misc":{"Est. tempo de leitura":"2 minutos"},"schema":{"@context":"https:\/\/schema.org","@graph":[{"@type":"WebPage","@id":"https:\/\/malungolab.com\/?page_id=1074","url":"https:\/\/malungolab.com\/?page_id=1074","name":"Micaela, Uma Escravizada de Posses - Artigo - MALUNGOLAB","isPartOf":{"@id":"https:\/\/malungolab.com\/#website"},"primaryImageOfPage":{"@id":"https:\/\/malungolab.com\/?page_id=1074#primaryimage"},"image":{"@id":"https:\/\/malungolab.com\/?page_id=1074#primaryimage"},"thumbnailUrl":"https:\/\/malungolab.com\/wp-content\/uploads\/elementor\/thumbs\/PNGpretoVertical_Marca2-scaled-rg7a51r7fouilozkxwqs5pxmyac9zk2va93rlsz06m.png","datePublished":"2025-05-23T19:14:32+00:00","dateModified":"2026-01-26T14:16:39+00:00","breadcrumb":{"@id":"https:\/\/malungolab.com\/?page_id=1074#breadcrumb"},"inLanguage":"pt-BR","potentialAction":[{"@type":"ReadAction","target":["https:\/\/malungolab.com\/?page_id=1074"]}]},{"@type":"ImageObject","inLanguage":"pt-BR","@id":"https:\/\/malungolab.com\/?page_id=1074#primaryimage","url":"https:\/\/malungolab.com\/wp-content\/uploads\/elementor\/thumbs\/PNGpretoVertical_Marca2-scaled-rg7a51r7fouilozkxwqs5pxmyac9zk2va93rlsz06m.png","contentUrl":"https:\/\/malungolab.com\/wp-content\/uploads\/elementor\/thumbs\/PNGpretoVertical_Marca2-scaled-rg7a51r7fouilozkxwqs5pxmyac9zk2va93rlsz06m.png"},{"@type":"BreadcrumbList","@id":"https:\/\/malungolab.com\/?page_id=1074#breadcrumb","itemListElement":[{"@type":"ListItem","position":1,"name":"In\u00edcio","item":"https:\/\/malungolab.com\/"},{"@type":"ListItem","position":2,"name":"Micaela, Uma Escravizada de Posses &#8211; Artigo"}]},{"@type":"WebSite","@id":"https:\/\/malungolab.com\/#website","url":"https:\/\/malungolab.com\/","name":"MALUNGOLAB","description":"Laborat\u00f3rio de Humanidades Digitais e Inova\u00e7\u00e3o Social.","publisher":{"@id":"https:\/\/malungolab.com\/#organization"},"potentialAction":[{"@type":"SearchAction","target":{"@type":"EntryPoint","urlTemplate":"https:\/\/malungolab.com\/?s={search_term_string}"},"query-input":{"@type":"PropertyValueSpecification","valueRequired":true,"valueName":"search_term_string"}}],"inLanguage":"pt-BR"},{"@type":"Organization","@id":"https:\/\/malungolab.com\/#organization","name":"MALUNGOLAB","url":"https:\/\/malungolab.com\/","logo":{"@type":"ImageObject","inLanguage":"pt-BR","@id":"https:\/\/malungolab.com\/#\/schema\/logo\/image\/","url":"https:\/\/malungolab.com\/wp-content\/uploads\/2025\/06\/cropped-logomalungopreto.png","contentUrl":"https:\/\/malungolab.com\/wp-content\/uploads\/2025\/06\/cropped-logomalungopreto.png","width":512,"height":512,"caption":"MALUNGOLAB"},"image":{"@id":"https:\/\/malungolab.com\/#\/schema\/logo\/image\/"},"sameAs":["https:\/\/www.instagram.com\/malungolab\/"]}]}},"_links":{"self":[{"href":"https:\/\/malungolab.com\/index.php?rest_route=\/wp\/v2\/pages\/1074","targetHints":{"allow":["GET"]}}],"collection":[{"href":"https:\/\/malungolab.com\/index.php?rest_route=\/wp\/v2\/pages"}],"about":[{"href":"https:\/\/malungolab.com\/index.php?rest_route=\/wp\/v2\/types\/page"}],"author":[{"embeddable":true,"href":"https:\/\/malungolab.com\/index.php?rest_route=\/wp\/v2\/users\/1"}],"replies":[{"embeddable":true,"href":"https:\/\/malungolab.com\/index.php?rest_route=%2Fwp%2Fv2%2Fcomments&post=1074"}],"version-history":[{"count":28,"href":"https:\/\/malungolab.com\/index.php?rest_route=\/wp\/v2\/pages\/1074\/revisions"}],"predecessor-version":[{"id":2195,"href":"https:\/\/malungolab.com\/index.php?rest_route=\/wp\/v2\/pages\/1074\/revisions\/2195"}],"wp:attachment":[{"href":"https:\/\/malungolab.com\/index.php?rest_route=%2Fwp%2Fv2%2Fmedia&parent=1074"}],"curies":[{"name":"wp","href":"https:\/\/api.w.org\/{rel}","templated":true}]}}